{"id":2,"date":"2022-08-25T22:22:24","date_gmt":"2022-08-25T20:22:24","guid":{"rendered":"http:\/\/progresu.pl\/?page_id=2"},"modified":"2022-08-25T22:46:20","modified_gmt":"2022-08-25T20:46:20","slug":"o-nas","status":"publish","type":"page","link":"http:\/\/progresu.pl\/index.php\/o-nas\/","title":{"rendered":"Nasza misja"},"content":{"rendered":"\n<p>Czemu to robimy i co chcemy osi\u0105gn\u0105\u0107. <\/p>\n\n\n\n<p>Witaj na stronie progresU.pl. Nasz misja jest prosta. Chcemy aby\u015bcie byli zdrowsi, bardziej sprawni i bardziej zadowoleni z \u017cycia. My te cele osi\u0105gamy przez aktywno\u015b\u0107 fizyczn\u0105, dobr\u0105 zdrow\u0105 diet\u0119 czy prace nad nastawieniem i psychologi\u0105. Ka\u017cdy ma inne cele a my chcemy Tobie pom\u00f3c je osi\u0105gn\u0105\u0107. Na tej stronie dzielimy si\u0119 lekcjami, do\u015bwiadczeniami i rozmowami z ekspertami z r\u00f3\u017cnych dziedzin. Staramy si\u0119 jak najwi\u0119cej lekcji do\u015bwiadcza\u0107 na w\u0142asnej sk\u00f3rze a Wam przedstawi\u0107 wnioski i najlepsze rozwi\u0105zania.<\/p>\n\n\n\n<p class=\"has-medium-font-size\">\u017byczymy Wam dobrej lektury i oczywi\u015bcie du\u017co rado\u015bci z osi\u0105gania progresu \ud83d\ude42<\/p>\n\n\n\n<p>P.s<\/p>\n\n\n\n<p>Dla nas ten projekt to proces. Chcemy t\u0119 stron\u0119 ci\u0105gle ulepsza\u0107 i urozmaica\u0107 tak aby Wam jako czytelnikom chcia\u0142o czyta\u0107 si\u0119 te tre\u015bci. Dlatego te\u017c prosimy o wszelkie sygestie i pomys\u0142y a postaramy si\u0119 je dostarczy\u0107. Prosimy r\u00f3wnie\u017c o wyrozumia\u0142o\u015b\u0107.<\/p>\n\n\n\n<p><\/p>\n","protected":false},"excerpt":{"rendered":"<p>Czemu to robimy i co chcemy osi\u0105gn\u0105\u0107. Witaj na stronie progresU.pl. Nasz misja jest prosta. Chcemy aby\u015bcie byli zdrowsi, bardziej&hellip;<\/p>\n","protected":false},"author":1,"featured_media":0,"parent":0,"menu_order":0,"comment_status":"closed","ping_status":"open","template":"","meta":{"footnotes":""},"class_list":["post-2","page","type-page","status-publish","hentry"],"_links":{"self":[{"href":"http:\/\/progresu.pl\/index.php\/wp-json\/wp\/v2\/pages\/2","targetHints":{"allow":["GET"]}}],"collection":[{"href":"http:\/\/progresu.pl\/index.php\/wp-json\/wp\/v2\/pages"}],"about":[{"href":"http:\/\/progresu.pl\/index.php\/wp-json\/wp\/v2\/types\/page"}],"author":[{"embeddable":true,"href":"http:\/\/progresu.pl\/index.php\/wp-json\/wp\/v2\/users\/1"}],"replies":[{"embeddable":true,"href":"http:\/\/progresu.pl\/index.php\/wp-json\/wp\/v2\/comments?post=2"}],"version-history":[{"count":13,"href":"http:\/\/progresu.pl\/index.php\/wp-json\/wp\/v2\/pages\/2\/revisions"}],"predecessor-version":[{"id":29,"href":"http:\/\/progresu.pl\/index.php\/wp-json\/wp\/v2\/pages\/2\/revisions\/29"}],"wp:attachment":[{"href":"http:\/\/progresu.pl\/index.php\/wp-json\/wp\/v2\/media?parent=2"}],"curies":[{"name":"wp","href":"https:\/\/api.w.org\/{rel}","templated":true}]}}